{"id":10,"date":"2018-10-31T17:38:06","date_gmt":"2018-10-31T17:38:06","guid":{"rendered":"http:\/\/bluthochdruck-dresden.de\/?page_id=10"},"modified":"2024-01-26T11:04:04","modified_gmt":"2024-01-26T11:04:04","slug":"erfahrungen","status":"publish","type":"page","link":"http:\/\/bluthochdruck-dresden.de\/?page_id=10","title":{"rendered":"Erfahrungen"},"content":{"rendered":"<p><img loading=\"lazy\" decoding=\"async\" class=\"size-medium wp-image-402 alignright\" src=\"http:\/\/bluthochdruck-dresden.de\/wp-content\/uploads\/2023\/10\/IMG_4715-1-225x300.jpg\" alt=\"\" width=\"225\" height=\"300\" srcset=\"http:\/\/bluthochdruck-dresden.de\/wp-content\/uploads\/2023\/10\/IMG_4715-1-225x300.jpg 225w, http:\/\/bluthochdruck-dresden.de\/wp-content\/uploads\/2023\/10\/IMG_4715-1-768x1024.jpg 768w, http:\/\/bluthochdruck-dresden.de\/wp-content\/uploads\/2023\/10\/IMG_4715-1-1152x1536.jpg 1152w, http:\/\/bluthochdruck-dresden.de\/wp-content\/uploads\/2023\/10\/IMG_4715-1-1536x2048.jpg 1536w, http:\/\/bluthochdruck-dresden.de\/wp-content\/uploads\/2023\/10\/IMG_4715-1-624x832.jpg 624w, http:\/\/bluthochdruck-dresden.de\/wp-content\/uploads\/2023\/10\/IMG_4715-1-scaled.jpg 1920w\" sizes=\"auto, (max-width: 225px) 100vw, 225px\" \/>Ist Ihr Blutdruck 140\/90 mmHg?<br \/>\nJeder sollte die H\u00f6he seines Blutdrucks erkennen.<br \/>\nWelches sind Ihre Werte:<\/p>\n<p>140\/90 mmHg oder h\u00f6her?<br \/>\nEs gibt kein typisches Beschwerdebild beim Bluthochdruck.<br \/>\nEr ist gut behandelbar, aber kann fatale Folgen haben, wenn er unbehandelt bleibt.<\/p>\n<p>Bluthochdruck ist eine der h\u00e4ufigsten Erkrankungen in Deutschland.<br \/>\nEr steigt mit dem Alter, da die Gef\u00e4\u00dfe mit der Zeit ihre Elastizit\u00e4t verlieren. Ab dem 60. Lebensjahr hat jeder Zweite einen zu hohen Blutdruck.<br \/>\nSchlimm ist, dass er lange nicht gesp\u00fcrt wird. Im Gegenteil, die Betroffenen f\u00fchlen sich gesund, besonders vital, leistungsf\u00e4hig und wenig m\u00fcde.<\/p>\n<p>Man kann ihn nur messen, mit einem zuverl\u00e4ssigen Blutdruckmessger\u00e4t um heraus zu finden wie hoch er ist.<br \/>\nDie Deutsche Hochdruckliga \u00fcberpr\u00fcft regelm\u00e4\u00dfig Blutdruckmessger\u00e4t und verleiht ein Pr\u00fcfsiegel f\u00fcr Messgenauigkeit.<\/p>\n<p>Nachzuschlagen unter:\u00a0<a href=\"https:\/\/www.hochdruckliga.de\/blutdruckmessgeraete.html\">Deutsche Hochdruckliga e.V. \/Blutdruckmessger\u00e4te<\/a><\/p>\n<p><img loading=\"lazy\" decoding=\"async\" class=\"alignright wp-image-403 size-medium\" src=\"http:\/\/bluthochdruck-dresden.de\/wp-content\/uploads\/2023\/10\/OSKM0235-225x300.jpg\" alt=\"\" width=\"225\" height=\"300\" srcset=\"http:\/\/bluthochdruck-dresden.de\/wp-content\/uploads\/2023\/10\/OSKM0235-225x300.jpg 225w, http:\/\/bluthochdruck-dresden.de\/wp-content\/uploads\/2023\/10\/OSKM0235-768x1024.jpg 768w, http:\/\/bluthochdruck-dresden.de\/wp-content\/uploads\/2023\/10\/OSKM0235-1152x1536.jpg 1152w, http:\/\/bluthochdruck-dresden.de\/wp-content\/uploads\/2023\/10\/OSKM0235-624x832.jpg 624w, http:\/\/bluthochdruck-dresden.de\/wp-content\/uploads\/2023\/10\/OSKM0235.jpg 1500w\" sizes=\"auto, (max-width: 225px) 100vw, 225px\" \/><\/p>\n<p>Unter Umst\u00e4nden ist daher der Herzinfarkt oder der Schlaganfall das erste sichtbare Symptom f\u00fcr den \u00fcber Jahre bestehenden erh\u00f6hten Bluthochdruck.<br \/>\nWeitere schwerwiegendere Folgen sind auch Nierensch\u00e4digungen bis hin zum Nierenversagen, Ver\u00e4nderungen der Gef\u00e4\u00dfe, des Augenhintergrundes, sowie Demenz.<\/p>\n<p>Das Ziel der Therapie ist die fr\u00fchzeitige Normalisierung oder zu mindestens eine Senkung des Blutdrucks zur Vermeidung von Folgeerkrankungen.<br \/>\nMan kann ihn nicht von heute auf morgen senken, meistens erst nach einigen Monaten.<\/p>\n<p>Es gibt viele Alternativen zu den Medikamenten. Viele interessieren sich nicht f\u00fcr einen gesunden Lebensstil, weil sie einfach daran nicht glauben.<\/p>\n<p><img loading=\"lazy\" decoding=\"async\" class=\"alignright size-medium wp-image-56\" src=\"http:\/\/bluthochdruck-dresden.de\/wp-content\/uploads\/2019\/02\/img_0189-300x225.jpg\" alt=\"Gruppentreffen\" width=\"300\" height=\"225\" srcset=\"http:\/\/bluthochdruck-dresden.de\/wp-content\/uploads\/2019\/02\/img_0189-300x225.jpg 300w, http:\/\/bluthochdruck-dresden.de\/wp-content\/uploads\/2019\/02\/img_0189-768x576.jpg 768w, http:\/\/bluthochdruck-dresden.de\/wp-content\/uploads\/2019\/02\/img_0189-1024x768.jpg 1024w, http:\/\/bluthochdruck-dresden.de\/wp-content\/uploads\/2019\/02\/img_0189-624x468.jpg 624w\" sizes=\"auto, (max-width: 300px) 100vw, 300px\" \/>Aus diesem Grund treffen wir uns, denn wir sind der festen \u00dcberzeugung, dass man eine Menge kleiner Dinge tun kann, die eine gro\u00dfe Wirkung haben. Denn bei neun von zehn Patienten mit Bluthochdruck f\u00fchrt allein die Einhaltung von Allgemeinma\u00dfnahmen zu einer messbaren Senkung des Blutdrucks.<br \/>\nBei jeden wirkt es unterschiedlich, deshalb bietet die Gruppe vieles an und jeder kann f\u00fcr sich das Beste heraussuchen und es einmal ausprobieren.<\/p>\n","protected":false},"excerpt":{"rendered":"<p>Ist Ihr Blutdruck 140\/90 mmHg? Jeder sollte die H\u00f6he seines Blutdrucks erkennen. Welches sind Ihre Werte: 140\/90 mmHg oder h\u00f6her? Es gibt kein typisches Beschwerdebild beim Bluthochdruck. Er ist gut behandelbar, aber kann fatale Folgen haben, wenn er unbehandelt bleibt. Bluthochdruck ist eine der h\u00e4ufigsten Erkrankungen in Deutschland. Er steigt mit dem Alter, da die [&hellip;]<\/p>\n","protected":false},"author":1,"featured_media":0,"parent":0,"menu_order":0,"comment_status":"closed","ping_status":"closed","template":"","meta":{"footnotes":""},"class_list":["post-10","page","type-page","status-publish","hentry"],"_links":{"self":[{"href":"http:\/\/bluthochdruck-dresden.de\/index.php?rest_route=\/wp\/v2\/pages\/10","targetHints":{"allow":["GET"]}}],"collection":[{"href":"http:\/\/bluthochdruck-dresden.de\/index.php?rest_route=\/wp\/v2\/pages"}],"about":[{"href":"http:\/\/bluthochdruck-dresden.de\/index.php?rest_route=\/wp\/v2\/types\/page"}],"author":[{"embeddable":true,"href":"http:\/\/bluthochdruck-dresden.de\/index.php?rest_route=\/wp\/v2\/users\/1"}],"replies":[{"embeddable":true,"href":"http:\/\/bluthochdruck-dresden.de\/index.php?rest_route=%2Fwp%2Fv2%2Fcomments&post=10"}],"version-history":[{"count":9,"href":"http:\/\/bluthochdruck-dresden.de\/index.php?rest_route=\/wp\/v2\/pages\/10\/revisions"}],"predecessor-version":[{"id":416,"href":"http:\/\/bluthochdruck-dresden.de\/index.php?rest_route=\/wp\/v2\/pages\/10\/revisions\/416"}],"wp:attachment":[{"href":"http:\/\/bluthochdruck-dresden.de\/index.php?rest_route=%2Fwp%2Fv2%2Fmedia&parent=10"}],"curies":[{"name":"wp","href":"https:\/\/api.w.org\/{rel}","templated":true}]}}