{"id":396,"date":"2023-10-04T12:12:56","date_gmt":"2023-10-04T12:12:56","guid":{"rendered":"https:\/\/bluthochdruck-dresden.de\/?page_id=396"},"modified":"2023-10-25T09:27:34","modified_gmt":"2023-10-25T09:27:34","slug":"selbsthilfe-telefon","status":"publish","type":"page","link":"http:\/\/bluthochdruck-dresden.de\/?page_id=396","title":{"rendered":"Selbsthilfe-Telefon"},"content":{"rendered":"\n<h2 class=\"wp-block-heading\">Ratschl\u00e4ge und Tipps aus erster Hand<\/h2>\n\n\n\n<p>Hier sind am Telefon Selbsthilfegruppenleiter*innen die \u00fcber einen gro\u00dfen Erfahrungsschatz zum Thema Bluthochdruck verf\u00fcgen. Sie k\u00f6nnen keine Antworten auf medizinische Fragestellungen geben, aber Ihnen mit praktischen Ratschl\u00e4gen und Tipps zur Seite stehen und eventuell den Umgang mit Bluthochdruck zu erleichtern.<\/p>\n\n\n\n<h2 class=\"wp-block-heading\">Das Selbsthilfe-Telefon: wir k\u00fcmmern uns!<\/h2>\n\n\n\n<p>Jeden ersten Donnerstag im Monat steht Ihnen&nbsp;<strong>jeweils zwischen 17:00 und 18:30 Uhr<\/strong>&nbsp;unter der Telefonnummer&nbsp;<strong>06221\/588 55 88<\/strong>&nbsp;ein*e Gespr\u00e4chspartner*in zur Verf\u00fcgung. Selbstverst\u00e4ndlich wird Ihr Anruf vertraulich behandelt.<\/p>\n\n\n\n<p>Falls sich unser*e Ansprechpartner*in bereits in einem Gespr\u00e4ch befindet, und Sie nicht direkt durchgestellt werden, versuchen Sie es bitte zu einem sp\u00e4teren Zeitpunkt erneut.<\/p>\n\n\n\n<p>Termine findet man auf folgender Seite: <a href=\"https:\/\/www.hochdruckliga.de\/betroffene\/selbsthilfe-telefon\">Selbsthilfe-Telefon: Deutsche Hochdruckliga e.V.<\/a><\/p>\n","protected":false},"excerpt":{"rendered":"<p>Ratschl\u00e4ge und Tipps aus erster Hand Hier sind am Telefon Selbsthilfegruppenleiter*innen die \u00fcber einen gro\u00dfen Erfahrungsschatz zum Thema Bluthochdruck verf\u00fcgen. Sie k\u00f6nnen keine Antworten auf medizinische Fragestellungen geben, aber Ihnen mit praktischen Ratschl\u00e4gen und Tipps zur Seite stehen und eventuell den Umgang mit Bluthochdruck zu erleichtern. Das Selbsthilfe-Telefon: wir k\u00fcmmern uns! Jeden ersten Donnerstag im [&hellip;]<\/p>\n","protected":false},"author":3,"featured_media":0,"parent":0,"menu_order":0,"comment_status":"closed","ping_status":"closed","template":"","meta":{"footnotes":""},"class_list":["post-396","page","type-page","status-publish","hentry"],"_links":{"self":[{"href":"http:\/\/bluthochdruck-dresden.de\/index.php?rest_route=\/wp\/v2\/pages\/396","targetHints":{"allow":["GET"]}}],"collection":[{"href":"http:\/\/bluthochdruck-dresden.de\/index.php?rest_route=\/wp\/v2\/pages"}],"about":[{"href":"http:\/\/bluthochdruck-dresden.de\/index.php?rest_route=\/wp\/v2\/types\/page"}],"author":[{"embeddable":true,"href":"http:\/\/bluthochdruck-dresden.de\/index.php?rest_route=\/wp\/v2\/users\/3"}],"replies":[{"embeddable":true,"href":"http:\/\/bluthochdruck-dresden.de\/index.php?rest_route=%2Fwp%2Fv2%2Fcomments&post=396"}],"version-history":[{"count":2,"href":"http:\/\/bluthochdruck-dresden.de\/index.php?rest_route=\/wp\/v2\/pages\/396\/revisions"}],"predecessor-version":[{"id":408,"href":"http:\/\/bluthochdruck-dresden.de\/index.php?rest_route=\/wp\/v2\/pages\/396\/revisions\/408"}],"wp:attachment":[{"href":"http:\/\/bluthochdruck-dresden.de\/index.php?rest_route=%2Fwp%2Fv2%2Fmedia&parent=396"}],"curies":[{"name":"wp","href":"https:\/\/api.w.org\/{rel}","templated":true}]}}