{"id":12,"date":"2018-10-31T17:38:06","date_gmt":"2018-10-31T17:38:06","guid":{"rendered":"http:\/\/bluthochdruck-dresden.de\/?page_id=12"},"modified":"2026-03-16T12:21:49","modified_gmt":"2026-03-16T12:21:49","slug":"impressum","status":"publish","type":"page","link":"https:\/\/bluthochdruck-dresden.de\/?page_id=12","title":{"rendered":"Impressum"},"content":{"rendered":"<p><strong>Angaben gem\u00e4\u00df \u00a7 5 TMG:<\/strong><\/p>\n<p>Selbsthilfegruppe Bluthochdruck Dresden der Deutschen Hochdruckliga e.V.<br \/>St\u00e4dtisches Klinikum Dresden<br \/>Standort Friedrichstadt<br \/>II. Medizinische Klinik<br \/>Friedrichstra\u00dfe 41<br \/>01067 Dresden<\/p>\n<p><strong>Vertreten durch:<\/strong><br \/>Ines Petzold<\/p>\n<p>Telefon: 0176 \/ 5432 1222<br \/>E-Mail: bluthochdruck-dresden@gmx.de<\/p>\n<p><strong>Verantwortlich f\u00fcr den Inhalt nach \u00a755 Abs. 2 RStV:<\/strong><br \/>Ines Petzold<br \/>St\u00e4dtisches Klinikum Dresden<br \/>Standort Friedrichstadt<br \/>II. Medizinische Klinik<br \/>Friedrichstra\u00dfe 41<br \/>01067 Dresden<\/p>\n<p><strong>Quellenangabe f\u00fcr die verwendeten Bilder und Grafiken:<\/strong><br \/>Ines Petzold<br \/>St\u00e4dtisches Klinikum Dresden<br \/>Standort Friedrichstadt<br \/>II. Medizinische Klinik<br \/>Friedrichstra\u00dfe 41<br \/>01067 Dresden<\/p>\n\n\n<p><\/p>\n","protected":false},"excerpt":{"rendered":"<p>Angaben gem\u00e4\u00df \u00a7 5 TMG: Selbsthilfegruppe Bluthochdruck Dresden der Deutschen Hochdruckliga e.V.St\u00e4dtisches Klinikum DresdenStandort FriedrichstadtII. Medizinische KlinikFriedrichstra\u00dfe 4101067 Dresden Vertreten durch:Ines Petzold Telefon: 0176 \/ 5432 1222E-Mail: bluthochdruck-dresden@gmx.de Verantwortlich f\u00fcr den Inhalt nach \u00a755 Abs. 2 RStV:Ines PetzoldSt\u00e4dtisches Klinikum DresdenStandort FriedrichstadtII. Medizinische KlinikFriedrichstra\u00dfe 4101067 Dresden Quellenangabe f\u00fcr die verwendeten Bilder und Grafiken:Ines PetzoldSt\u00e4dtisches Klinikum DresdenStandort [&hellip;]<\/p>\n","protected":false},"author":1,"featured_media":0,"parent":0,"menu_order":0,"comment_status":"closed","ping_status":"closed","template":"","meta":{"footnotes":""},"class_list":["post-12","page","type-page","status-publish","hentry"],"_links":{"self":[{"href":"https:\/\/bluthochdruck-dresden.de\/index.php?rest_route=\/wp\/v2\/pages\/12","targetHints":{"allow":["GET"]}}],"collection":[{"href":"https:\/\/bluthochdruck-dresden.de\/index.php?rest_route=\/wp\/v2\/pages"}],"about":[{"href":"https:\/\/bluthochdruck-dresden.de\/index.php?rest_route=\/wp\/v2\/types\/page"}],"author":[{"embeddable":true,"href":"https:\/\/bluthochdruck-dresden.de\/index.php?rest_route=\/wp\/v2\/users\/1"}],"replies":[{"embeddable":true,"href":"https:\/\/bluthochdruck-dresden.de\/index.php?rest_route=%2Fwp%2Fv2%2Fcomments&post=12"}],"version-history":[{"count":4,"href":"https:\/\/bluthochdruck-dresden.de\/index.php?rest_route=\/wp\/v2\/pages\/12\/revisions"}],"predecessor-version":[{"id":456,"href":"https:\/\/bluthochdruck-dresden.de\/index.php?rest_route=\/wp\/v2\/pages\/12\/revisions\/456"}],"wp:attachment":[{"href":"https:\/\/bluthochdruck-dresden.de\/index.php?rest_route=%2Fwp%2Fv2%2Fmedia&parent=12"}],"curies":[{"name":"wp","href":"https:\/\/api.w.org\/{rel}","templated":true}]}}