{"id":134,"date":"2019-02-22T13:25:57","date_gmt":"2019-02-22T13:25:57","guid":{"rendered":"http:\/\/bluthochdruck-dresden.de\/?page_id=134"},"modified":"2023-10-25T09:40:26","modified_gmt":"2023-10-25T09:40:26","slug":"zertifiziertes-hypertonie-zentrum-dhl","status":"publish","type":"page","link":"https:\/\/bluthochdruck-dresden.de\/?page_id=134","title":{"rendered":"Zertifiziertes Hypertonie-Zentrum DHL"},"content":{"rendered":"\n<p>Seit \u00fcber 30 Jahren werden im Klinikum Dresden Friedrichstadt Patienten mit Bluthochdruck, ambulant und station\u00e4r betreut. In den letzten Jahren haben wir unsere  Anstrengung verst\u00e4rkt und ein Hypertoniezentrum der Deutschen Hochdruckliga aufgebaut. Dieses umfasst eine enge Zusammenarbeit mit Spezialisten wie Nephrologen (Nierenspezialisten), Endokrinologen (Spezialisten f\u00fcr Stoffwechselerkrankungen), Kinder\u00e4rzten und Kardiologen (Herzspezialisten). Dieses ist notwendig um ein umfassende Diagnostik und Therapie zu gew\u00e4hrleisten. <\/p>\n\n\n\n<p>Warum ist dieses notwendig? Bluthochdruck (arterielle Hypertonie) ist ein gef\u00e4hrliches Krankheitsbild, bei dem der Blutdruck des arteriellen Gef\u00e4\u00dfsystems chronisch erh\u00f6ht ist. Nach den Leitlinien der europ\u00e4ischen und deutschen Hypertoniegesellschaft gilt ein Blutdruckwerte &gt; 140 (systolisch \u201eoberer Wert\u201c) und &gt; 90 mmHg (diastolisch \u201e unterer Wert\u201c) als Bluthochdruck.  T\u00fcckisch ist, dass Bluthochdruck nur selten erkennbare Symptome hervorruft.  <\/p>\n\n\n\n<p>In Deutschland geht man von mind. 20 Mill. Bluthochdruckpatienten aus. Deutschland liegt bei der Bluthochdruckh\u00e4ufigkeit und der Anzahl der Schlaganfall-Toten als Folge von Bluthochdruck an der Spitze in Europa. Erschreckend ist auch die zunehmende Zahl von Kindern mit Bluthochdruck. Eine Hypertonie bei Kindern ist heute sechsmal h\u00e4ufiger als vor 30 Jahren! <\/p>\n\n\n\n<p class=\"has-medium-font-size\">Was tun wir f\u00fcr Sie? <\/p>\n\n\n\n<p>&#8211; Kostenlose Beratung zum Thema Blutdruck,  wie z.B. Schulungen mit u.a. Erlernen der richtigen Blutdruckselbstmessungen oder Handlungen bei Blutdruckentgleisungen <\/p>\n\n\n\n<p>&#8211; Mitbetreuung von station\u00e4ren Patienten, welche wegen z.B. Blutdruckentgleisungen, akutem Schlaganfall bzw. Herzschw\u00e4che oder Nierenfunktionsst\u00f6rungen akut aufgenommen wurden <\/p>\n\n\n\n<p>&#8211; amb. Betreuung u.a. zum Erstellen einer Zweitmeinung bei Verdacht auf Bluthochdruck <\/p>\n\n\n\n<p>&#8211; Diagnostik, Weiter- bzw. Mitbetreuung von Patienten bei therapierefrakt\u00e4rer Hypertonie ( Patienten mit mindestens 4 Medikamenten und unver\u00e4ndert erh\u00f6hten Blutdruckwerten) <\/p>\n\n\n\n<p> &#8211; Kl\u00e4rung der Notwendigkit eines interventionellen\/operativen Verfahren wie Schrittmacherimplantation oder Ablation (Nierennervenver\u00f6dung\/renale Denervation) <\/p>\n\n\n\n<p><\/p>\n\n\n\n<p><strong>Hypertonie-Zentrum Dresden der Deutschen Hochdruckliga e.V.<\/strong><br>St\u00e4dtisches Klinikum Dresden<br>Standort Friedrichstadt<br>II. Medizinische Klinik<br>Friedrichstra\u00dfe 41<br>01067 Dresden<\/p>\n\n\n\n<p>Telefon: 0351 \/ 480 1479<br>Telefax: 0351 \/ 480 3286<br>E-Mail: ines.petzold@klinikum-dresden.de<\/p>\n","protected":false},"excerpt":{"rendered":"<p>Seit \u00fcber 30 Jahren werden im Klinikum Dresden Friedrichstadt Patienten mit Bluthochdruck, ambulant und station\u00e4r betreut. In den letzten Jahren haben wir unsere Anstrengung verst\u00e4rkt und ein Hypertoniezentrum der Deutschen Hochdruckliga aufgebaut. Dieses umfasst eine enge Zusammenarbeit mit Spezialisten wie Nephrologen (Nierenspezialisten), Endokrinologen (Spezialisten f\u00fcr Stoffwechselerkrankungen), Kinder\u00e4rzten und Kardiologen (Herzspezialisten). Dieses ist notwendig um ein [&hellip;]<\/p>\n","protected":false},"author":2,"featured_media":0,"parent":0,"menu_order":0,"comment_status":"closed","ping_status":"closed","template":"","meta":{"footnotes":""},"class_list":["post-134","page","type-page","status-publish","hentry"],"_links":{"self":[{"href":"https:\/\/bluthochdruck-dresden.de\/index.php?rest_route=\/wp\/v2\/pages\/134","targetHints":{"allow":["GET"]}}],"collection":[{"href":"https:\/\/bluthochdruck-dresden.de\/index.php?rest_route=\/wp\/v2\/pages"}],"about":[{"href":"https:\/\/bluthochdruck-dresden.de\/index.php?rest_route=\/wp\/v2\/types\/page"}],"author":[{"embeddable":true,"href":"https:\/\/bluthochdruck-dresden.de\/index.php?rest_route=\/wp\/v2\/users\/2"}],"replies":[{"embeddable":true,"href":"https:\/\/bluthochdruck-dresden.de\/index.php?rest_route=%2Fwp%2Fv2%2Fcomments&post=134"}],"version-history":[{"count":7,"href":"https:\/\/bluthochdruck-dresden.de\/index.php?rest_route=\/wp\/v2\/pages\/134\/revisions"}],"predecessor-version":[{"id":413,"href":"https:\/\/bluthochdruck-dresden.de\/index.php?rest_route=\/wp\/v2\/pages\/134\/revisions\/413"}],"wp:attachment":[{"href":"https:\/\/bluthochdruck-dresden.de\/index.php?rest_route=%2Fwp%2Fv2%2Fmedia&parent=134"}],"curies":[{"name":"wp","href":"https:\/\/api.w.org\/{rel}","templated":true}]}}