{"id":14,"date":"2018-10-31T17:38:06","date_gmt":"2018-10-31T17:38:06","guid":{"rendered":"http:\/\/bluthochdruck-dresden.de\/?page_id=14"},"modified":"2019-03-23T17:13:04","modified_gmt":"2019-03-23T17:13:04","slug":"ueber-uns","status":"publish","type":"page","link":"https:\/\/bluthochdruck-dresden.de\/","title":{"rendered":"Home"},"content":{"rendered":"<p><img loading=\"lazy\" decoding=\"async\" class=\"aligncenter size-large wp-image-57\" src=\"http:\/\/bluthochdruck-dresden.de\/wp-content\/uploads\/2019\/02\/IMG_4574-1024x683.jpg\" alt=\"SHG - Gruppenbild\" width=\"625\" height=\"417\" srcset=\"https:\/\/bluthochdruck-dresden.de\/wp-content\/uploads\/2019\/02\/IMG_4574-1024x683.jpg 1024w, https:\/\/bluthochdruck-dresden.de\/wp-content\/uploads\/2019\/02\/IMG_4574-300x200.jpg 300w, https:\/\/bluthochdruck-dresden.de\/wp-content\/uploads\/2019\/02\/IMG_4574-768x512.jpg 768w, https:\/\/bluthochdruck-dresden.de\/wp-content\/uploads\/2019\/02\/IMG_4574-624x416.jpg 624w\" sizes=\"auto, (max-width: 625px) 100vw, 625px\" \/><\/p>\n<p>Wir sind eine offene Selbsthilfegruppe f\u00fcr Betroffene und Interessierte.<\/p>\n<p>Die Diagnose Bluthochdruck wirft oft viele Fragen auf.<br \/>\nMan kann ihn nicht sp\u00fcren, aber ein dauerhaft erh\u00f6hter Druck richtet schwere Sch\u00e4den an.<\/p>\n<p>Es ist manchmal nicht einfach eine Blutdrucksenku<span style=\"font-size: 1rem;\">ng zu erreichen,<\/span><\/p>\n<p>aber in der Gemeinschaft und mit vielen Tipps und Tricks kann man es schaffen.<\/p>\n<p>Um Antwort auf unsere Fragen zu finden, treffen wir uns einmal im Monat.<br \/>\nBei den medizinischen Vortr\u00e4gen zu verschiedenen Themen, wie Bluthochdruck, Schlaganfall, Ern\u00e4hrung und k\u00f6rperliche Aktivit\u00e4t (siehe unter Veranstaltungen) haben wir eine gro\u00dfe Beteiligung.<\/p>\n<p>Anschlie\u00dfend findet immer eine Gespr\u00e4chsrunde mit den Referenten statt, wo wir unsere Fragen beantwortet bekommen.<\/p>\n<p>Der Erfahrungsaustausch untereinander darf auch nicht fehlen.<br \/>\nHier planen wir noch ein extra Treffen bei Kaffee und Kuchen. Wo man auch einmal im kleinen Kreis \u00fcber Bluthochdruck reden kann.<\/p>\n<p>Museumsbesuche, Wanderungen, Besichtigungen sowie andere gemeinsame Treffen werden von uns ebenfalls geplant.<\/p>\n<p>Ein st\u00e4ndiger Ansprechpartner f\u00fcr medizinische Fragen oder Probleme ist f\u00fcr uns der Regionalbeauftragter der Deutschen Hochdruckliga e.V. Oberarzt Dr. md. H. Palisch.<\/p>\n<p>Wir sind immer mit Freude und Spa\u00df zusammen und hoffen, dass unsere Selbsthilfegruppe in Zukunft noch viele neue Mitglieder begr\u00fc\u00dfen k\u00f6nnen.<\/p>\n<p>Sie besteht schon seit 1993.<br \/>\nMan kann einfach unverbindlich bei unseren Veranstaltungen mit dabei sein und dort pers\u00f6nlich Kontakt mit uns aufnehmen. Hier k\u00f6nnen wir Ihnen auch gern Hilfe anbieten und kostenlos den Blutdruck messen.<\/p>\n<p>Bei Fragen rund um die Selbsthilfegruppe, wenden Sie sich bitte an uns.<br \/>\nAuf dem Jahresplan befinden sich die geplanten Veranstaltungen.<\/p>\n<p>Einfach vorbei schauen.\u00a0\u00a0 <strong>Wir sind f\u00fcr Sie da !<\/strong><\/p>\n","protected":false},"excerpt":{"rendered":"<p>Wir sind eine offene Selbsthilfegruppe f\u00fcr Betroffene und Interessierte. Die Diagnose Bluthochdruck wirft oft viele Fragen auf. Man kann ihn nicht sp\u00fcren, aber ein dauerhaft erh\u00f6hter Druck richtet schwere Sch\u00e4den an. Es ist manchmal nicht einfach eine Blutdrucksenkung zu erreichen, aber in der Gemeinschaft und mit vielen Tipps und Tricks kann man es schaffen. Um [&hellip;]<\/p>\n","protected":false},"author":1,"featured_media":0,"parent":0,"menu_order":0,"comment_status":"closed","ping_status":"closed","template":"","meta":{"footnotes":""},"class_list":["post-14","page","type-page","status-publish","hentry"],"_links":{"self":[{"href":"https:\/\/bluthochdruck-dresden.de\/index.php?rest_route=\/wp\/v2\/pages\/14","targetHints":{"allow":["GET"]}}],"collection":[{"href":"https:\/\/bluthochdruck-dresden.de\/index.php?rest_route=\/wp\/v2\/pages"}],"about":[{"href":"https:\/\/bluthochdruck-dresden.de\/index.php?rest_route=\/wp\/v2\/types\/page"}],"author":[{"embeddable":true,"href":"https:\/\/bluthochdruck-dresden.de\/index.php?rest_route=\/wp\/v2\/users\/1"}],"replies":[{"embeddable":true,"href":"https:\/\/bluthochdruck-dresden.de\/index.php?rest_route=%2Fwp%2Fv2%2Fcomments&post=14"}],"version-history":[{"count":15,"href":"https:\/\/bluthochdruck-dresden.de\/index.php?rest_route=\/wp\/v2\/pages\/14\/revisions"}],"predecessor-version":[{"id":221,"href":"https:\/\/bluthochdruck-dresden.de\/index.php?rest_route=\/wp\/v2\/pages\/14\/revisions\/221"}],"wp:attachment":[{"href":"https:\/\/bluthochdruck-dresden.de\/index.php?rest_route=%2Fwp%2Fv2%2Fmedia&parent=14"}],"curies":[{"name":"wp","href":"https:\/\/api.w.org\/{rel}","templated":true}]}}