{"id":448,"date":"2026-03-16T12:03:01","date_gmt":"2026-03-16T12:03:01","guid":{"rendered":"https:\/\/bluthochdruck-dresden.de\/?page_id=448"},"modified":"2026-03-16T15:09:46","modified_gmt":"2026-03-16T15:09:46","slug":"blutdruckmessaktionen","status":"publish","type":"page","link":"https:\/\/bluthochdruck-dresden.de\/?page_id=448","title":{"rendered":"Blutdruckmessaktionen"},"content":{"rendered":"\n<p>Jeder, ob jung oder alt, sollte seinen Blutdruckwert kennen und ihn beobachten. Deshalb sind alle herzlich immer dazu mit eingeladen um vielleicht auch neues kennen zu lernen. Wir freuen uns auf Dich.<\/p>\n\n\n\n<p><\/p>\n\n\n\n<ul class=\"wp-block-list\">\n<li><strong>Mittwoch 29.04. 2026 von 10.00 &#8211; 16.00 Uhr<\/strong><\/li>\n<\/ul>\n\n\n\n<p><strong><em>Tag der Offenen T\u00fcr im Arbeiter Samariter Bund (ASB) &#8211; Begegnungs- und Beratungszentrum &#8222;Luise&#8220;<\/em><\/strong> &#8211; Warthaer Stra\u00dfe 25, 01157 Dresden (Stra\u00dfenbahnlinie 1 bis Gottfried Keller Str.)<\/p>\n\n\n\n<p><strong>Thema:<\/strong> <strong>Alles rund um das Thema Blutdruck <\/strong>&#8211; Blutdruckmessung vor Ort und Aush\u00e4ndigung von aktuellem Blutdruckpass &#8211; Vorstellung von Blutdruckmessger\u00e4ten &#8211; 14.30 Uhr Informationsvortrag \u00fcber Selbstmessung zu Hause<\/p>\n\n\n\n<p>&#8212;&#8212;&#8212;&#8212;&#8212;&#8212;&#8212;&#8212;&#8212;&#8212;&#8212;&#8212;&#8212;&#8212;&#8212;&#8212;&#8212;&#8212;&#8212;&#8212;&#8212;&#8212;&#8212;&#8212;&#8212;&#8212;&#8212;&#8212;&#8212;&#8212;&#8212;&#8212;&#8212;&#8212;&#8212;&#8212;&#8212;&#8212;&#8212;&#8212;&#8212;&#8212;&#8212;<\/p>\n\n\n\n<ul class=\"wp-block-list\">\n<li><strong>Mittwoch 06.05. 2026 von 15.00 &#8211; 17.00 Uhr<\/strong><\/li>\n<\/ul>\n\n\n\n<p><strong><em>Welthypertonietag &#8211;  Veranstaltung findet im Stadtforum Dresden statt<\/em><\/strong><\/p>\n\n\n\n<p><strong>Thema:<\/strong> es finden 3 Vortr\u00e4ge zum Thema Bluthochdruck statt mit Prof. F.R.Heinzel, OA Dr. H. Palisch und I. Petzold, Selbsthilfegruppe Bluthochdruck Dresden f\u00fchrt Blutdruckmessaktion durch<\/p>\n\n\n\n<p>&#8212;&#8212;&#8212;&#8212;&#8212;&#8212;&#8212;&#8212;&#8212;&#8212;&#8212;&#8212;&#8212;&#8212;&#8212;&#8212;&#8212;&#8212;&#8212;&#8212;&#8212;&#8212;&#8212;&#8212;&#8212;&#8212;&#8212;&#8212;&#8212;&#8212;&#8212;&#8212;&#8212;&#8212;&#8212;&#8212;&#8212;&#8212;&#8212;&#8212;&#8212;&#8212;&#8212;<\/p>\n","protected":false},"excerpt":{"rendered":"<p>Jeder, ob jung oder alt, sollte seinen Blutdruckwert kennen und ihn beobachten. Deshalb sind alle herzlich immer dazu mit eingeladen um vielleicht auch neues kennen zu lernen. Wir freuen uns auf Dich. Tag der Offenen T\u00fcr im Arbeiter Samariter Bund (ASB) &#8211; Begegnungs- und Beratungszentrum &#8222;Luise&#8220; &#8211; Warthaer Stra\u00dfe 25, 01157 Dresden (Stra\u00dfenbahnlinie 1 bis [&hellip;]<\/p>\n","protected":false},"author":2,"featured_media":0,"parent":0,"menu_order":0,"comment_status":"closed","ping_status":"closed","template":"","meta":{"footnotes":""},"class_list":["post-448","page","type-page","status-publish","hentry"],"_links":{"self":[{"href":"https:\/\/bluthochdruck-dresden.de\/index.php?rest_route=\/wp\/v2\/pages\/448","targetHints":{"allow":["GET"]}}],"collection":[{"href":"https:\/\/bluthochdruck-dresden.de\/index.php?rest_route=\/wp\/v2\/pages"}],"about":[{"href":"https:\/\/bluthochdruck-dresden.de\/index.php?rest_route=\/wp\/v2\/types\/page"}],"author":[{"embeddable":true,"href":"https:\/\/bluthochdruck-dresden.de\/index.php?rest_route=\/wp\/v2\/users\/2"}],"replies":[{"embeddable":true,"href":"https:\/\/bluthochdruck-dresden.de\/index.php?rest_route=%2Fwp%2Fv2%2Fcomments&post=448"}],"version-history":[{"count":9,"href":"https:\/\/bluthochdruck-dresden.de\/index.php?rest_route=\/wp\/v2\/pages\/448\/revisions"}],"predecessor-version":[{"id":471,"href":"https:\/\/bluthochdruck-dresden.de\/index.php?rest_route=\/wp\/v2\/pages\/448\/revisions\/471"}],"wp:attachment":[{"href":"https:\/\/bluthochdruck-dresden.de\/index.php?rest_route=%2Fwp%2Fv2%2Fmedia&parent=448"}],"curies":[{"name":"wp","href":"https:\/\/api.w.org\/{rel}","templated":true}]}}