{"id":8,"date":"2018-10-31T17:38:06","date_gmt":"2018-10-31T17:38:06","guid":{"rendered":"http:\/\/bluthochdruck-dresden.de\/?page_id=8"},"modified":"2026-03-17T08:52:30","modified_gmt":"2026-03-17T08:52:30","slug":"ansprechpartner","status":"publish","type":"page","link":"https:\/\/bluthochdruck-dresden.de\/?page_id=8","title":{"rendered":"Ansprechpartner"},"content":{"rendered":"<p>II. Medizinische Klinik<br \/>Friedrichstra\u00dfe 41<br \/>01067 Dresden<\/p>\n<p><img loading=\"lazy\" decoding=\"async\" class=\"alignright size-medium wp-image-53\" src=\"http:\/\/bluthochdruck-dresden.de\/wp-content\/uploads\/2019\/02\/101116168-300x200.jpg\" alt=\"Schwester Ines\" width=\"300\" height=\"200\" srcset=\"https:\/\/bluthochdruck-dresden.de\/wp-content\/uploads\/2019\/02\/101116168-300x200.jpg 300w, https:\/\/bluthochdruck-dresden.de\/wp-content\/uploads\/2019\/02\/101116168-768x512.jpg 768w, https:\/\/bluthochdruck-dresden.de\/wp-content\/uploads\/2019\/02\/101116168-1024x682.jpg 1024w, https:\/\/bluthochdruck-dresden.de\/wp-content\/uploads\/2019\/02\/101116168-624x416.jpg 624w, https:\/\/bluthochdruck-dresden.de\/wp-content\/uploads\/2019\/02\/101116168.jpg 1280w\" sizes=\"auto, (max-width: 300px) 100vw, 300px\" \/><br \/><strong>Ines Petzold<\/strong><br \/>Assistentin f\u00fcr Pr\u00e4vention und Hypertonie\u00a0 <br \/>Leiterin der Selbsthilfegruppe vor Ort und Online Gruppe<br \/>Vorsitzende des Patientenbeirates der <a href=\"https:\/\/www.hochdruckliga.de\/\">Deutschen Hochdruckliga e.V.<\/a><\/p>\n<p style=\"clear: both;\"><img loading=\"lazy\" decoding=\"async\" class=\"alignright size-medium wp-image-54\" src=\"http:\/\/bluthochdruck-dresden.de\/wp-content\/uploads\/2019\/02\/101116170-300x200.jpg\" alt=\"OA Dr. med. H. Palisch\" width=\"300\" height=\"200\" srcset=\"https:\/\/bluthochdruck-dresden.de\/wp-content\/uploads\/2019\/02\/101116170-300x200.jpg 300w, https:\/\/bluthochdruck-dresden.de\/wp-content\/uploads\/2019\/02\/101116170-768x512.jpg 768w, https:\/\/bluthochdruck-dresden.de\/wp-content\/uploads\/2019\/02\/101116170-1024x682.jpg 1024w, https:\/\/bluthochdruck-dresden.de\/wp-content\/uploads\/2019\/02\/101116170-624x416.jpg 624w, https:\/\/bluthochdruck-dresden.de\/wp-content\/uploads\/2019\/02\/101116170.jpg 1280w\" sizes=\"auto, (max-width: 300px) 100vw, 300px\" \/><\/p>\n<p><strong>OA Dr. med. H. Palisch<\/strong><br \/>Facharzt f\u00fcr Innere Medizin \/ Kardiologe \/<br \/>Hypertensiologe<br \/>Regionalbeauftragter f\u00fcr Sachsen der <a href=\"https:\/\/www.hochdruckliga.de\/\">Deutschen Hochdruckliga e.V.\u00a0<\/a><\/p>\n<p style=\"clear: both;\"><\/p>\n<p><img loading=\"lazy\" decoding=\"async\" class=\"alignright wp-image-465\" src=\"http:\/\/bluthochdruck-dresden.de\/wp-content\/uploads\/2026\/03\/Bernd-Muehle.jpg\" alt=\"\" width=\"300\" height=\"199\" \/><\/p>\n<p><strong><br \/>Bernd M\u00fchle<br \/><\/strong>gro\u00dfe Hilfe der Selbsthilfegruppe vor Ort und haupts\u00e4chlich Online<br \/>Kassenwart<\/p>\n<p><strong><br \/><\/strong><\/p>\n\n\n<p><\/p>\n\n\n\n<div class=\"wp-block-columns is-layout-flex wp-container-core-columns-is-layout-9d6595d7 wp-block-columns-is-layout-flex\">\n<div class=\"wp-block-column is-layout-flow wp-block-column-is-layout-flow\" style=\"flex-basis:100%\"><\/div>\n<\/div>\n\n\n\n<p><\/p>\n\n\n\n<p><\/p>\n\n\n\n<p><\/p>\n","protected":false},"excerpt":{"rendered":"<p>II. Medizinische KlinikFriedrichstra\u00dfe 4101067 Dresden Ines PetzoldAssistentin f\u00fcr Pr\u00e4vention und Hypertonie\u00a0 Leiterin der Selbsthilfegruppe vor Ort und Online GruppeVorsitzende des Patientenbeirates der Deutschen Hochdruckliga e.V. OA Dr. med. H. PalischFacharzt f\u00fcr Innere Medizin \/ Kardiologe \/HypertensiologeRegionalbeauftragter f\u00fcr Sachsen der Deutschen Hochdruckliga e.V.\u00a0 Bernd M\u00fchlegro\u00dfe Hilfe der Selbsthilfegruppe vor Ort und haupts\u00e4chlich OnlineKassenwart<\/p>\n","protected":false},"author":1,"featured_media":0,"parent":0,"menu_order":0,"comment_status":"closed","ping_status":"closed","template":"","meta":{"footnotes":""},"class_list":["post-8","page","type-page","status-publish","hentry"],"_links":{"self":[{"href":"https:\/\/bluthochdruck-dresden.de\/index.php?rest_route=\/wp\/v2\/pages\/8","targetHints":{"allow":["GET"]}}],"collection":[{"href":"https:\/\/bluthochdruck-dresden.de\/index.php?rest_route=\/wp\/v2\/pages"}],"about":[{"href":"https:\/\/bluthochdruck-dresden.de\/index.php?rest_route=\/wp\/v2\/types\/page"}],"author":[{"embeddable":true,"href":"https:\/\/bluthochdruck-dresden.de\/index.php?rest_route=\/wp\/v2\/users\/1"}],"replies":[{"embeddable":true,"href":"https:\/\/bluthochdruck-dresden.de\/index.php?rest_route=%2Fwp%2Fv2%2Fcomments&post=8"}],"version-history":[{"count":21,"href":"https:\/\/bluthochdruck-dresden.de\/index.php?rest_route=\/wp\/v2\/pages\/8\/revisions"}],"predecessor-version":[{"id":474,"href":"https:\/\/bluthochdruck-dresden.de\/index.php?rest_route=\/wp\/v2\/pages\/8\/revisions\/474"}],"wp:attachment":[{"href":"https:\/\/bluthochdruck-dresden.de\/index.php?rest_route=%2Fwp%2Fv2%2Fmedia&parent=8"}],"curies":[{"name":"wp","href":"https:\/\/api.w.org\/{rel}","templated":true}]}}